{"id":52,"date":"2021-08-01T11:33:54","date_gmt":"2021-08-01T09:33:54","guid":{"rendered":"http:\/\/wymowka.pl\/?page_id=52"},"modified":"2021-10-09T17:23:04","modified_gmt":"2021-10-09T15:23:04","slug":"kontakt","status":"publish","type":"page","link":"http:\/\/wymowka.pl\/?page_id=52","title":{"rendered":""},"content":{"rendered":"\n<p><\/p>\n\n\n\n<p class=\"has-huge-font-size\"><strong>Kontakt<\/strong><\/p>\n\n\n\n<p>mgr Katarzyna Biernacka<br><a href=\"tel:+48604388991\" data-type=\"tel\" data-id=\"tel:+48604388991\">\u260e  500866065<\/a><br><a href=\"mailto:logopeda@wymowka.pl\" data-type=\"mailto\" data-id=\"mailto:logopeda@wymowka.pl\">\u2709  logopeda@wymowka.pl<\/a><\/p>\n\n\n\n<p>Poniewa\u017c prowadz\u0119 zaj\u0119cia od rana do p\u00f3\u017anych godzin popo\u0142udniowych, nie zawsze mog\u0119 odebra\u0107 telefon. Je\u015bli nie odbieram, prosz\u0119 spr\u00f3bowa\u0107 ponownie p\u00f3\u017aniej, najlepiej po godzinie 18. Mo\u017cna te\u017c wys\u0142a\u0107 sms z pro\u015bb\u0105 o kontakt (na pewno oddzwoni\u0119) albo skontaktowa\u0107 si\u0119 ze mn\u0105 poprzez maila czy formularz kontaktowy. \ud83d\ude42 <br><\/p>\n\n\n\n<div class=\"wpforms-container wpforms-container-full\" id=\"wpforms-80\"><form id=\"wpforms-form-80\" class=\"wpforms-validate wpforms-form wpforms-ajax-form\" data-formid=\"80\" method=\"post\" enctype=\"multipart\/form-data\" action=\"\/index.php?rest_route=%2Fwp%2Fv2%2Fpages%2F52\" data-token=\"c4b04d2f79b3fff053be10706234ba24\"><noscript class=\"wpforms-error-noscript\">Please enable JavaScript in your browser to complete this form.<\/noscript><div class=\"wpforms-field-container\"><div id=\"wpforms-80-field_0-container\" class=\"wpforms-field wpforms-field-name\" data-field-id=\"0\"><label class=\"wpforms-field-label\" for=\"wpforms-80-field_0\">Imi\u0119 i nazwisko <span class=\"wpforms-required-label\">*<\/span><\/label><input type=\"text\" id=\"wpforms-80-field_0\" class=\"wpforms-field-medium wpforms-field-required\" name=\"wpforms[fields][0]\" required><\/div><div id=\"wpforms-80-field_1-container\" class=\"wpforms-field wpforms-field-email\" data-field-id=\"1\"><label class=\"wpforms-field-label\" for=\"wpforms-80-field_1\">Email <span class=\"wpforms-required-label\">*<\/span><\/label><input type=\"email\" id=\"wpforms-80-field_1\" class=\"wpforms-field-medium wpforms-field-required\" name=\"wpforms[fields][1]\" required><\/div><div id=\"wpforms-80-field_3-container\" class=\"wpforms-field wpforms-field-number\" data-field-id=\"3\"><label class=\"wpforms-field-label\" for=\"wpforms-80-field_3\">Numer telefonu<\/label><input type=\"number\" pattern=\"\\d*\" id=\"wpforms-80-field_3\" class=\"wpforms-field-medium\" name=\"wpforms[fields][3]\" ><\/div><div id=\"wpforms-80-field_2-container\" class=\"wpforms-field wpforms-field-textarea\" data-field-id=\"2\"><label class=\"wpforms-field-label\" for=\"wpforms-80-field_2\">Wiadomo\u015b\u0107 <span class=\"wpforms-required-label\">*<\/span><\/label><textarea id=\"wpforms-80-field_2\" class=\"wpforms-field-medium wpforms-field-required\" name=\"wpforms[fields][2]\" required><\/textarea><\/div><\/div><input type=\"hidden\" name=\"wpforms[recaptcha]\" value=\"\"><div class=\"wpforms-submit-container\" ><input type=\"hidden\" name=\"wpforms[id]\" value=\"80\"><input type=\"hidden\" name=\"wpforms[author]\" value=\"1\"><button type=\"submit\" name=\"wpforms[submit]\" class=\"wpforms-submit \" id=\"wpforms-submit-80\" value=\"wpforms-submit\" aria-live=\"assertive\" data-alt-text=\"Wysy\u0142anie...\" data-submit-text=\"Wy\u015blij\">Wy\u015blij<\/button><img loading=\"lazy\" decoding=\"async\" src=\"http:\/\/wymowka.pl\/wp-content\/plugins\/wpforms-lite\/assets\/images\/submit-spin.svg\" class=\"wpforms-submit-spinner\" style=\"display: none;\" width=\"26\" height=\"26\" alt=\"\"><\/div><\/form><\/div>  <!-- .wpforms-container -->\n","protected":false},"excerpt":{"rendered":"<p>Kontakt mgr Katarzyna Biernacka\u260e 500866065\u2709 logopeda@wymowka.pl Poniewa\u017c prowadz\u0119 zaj\u0119cia od rana do p\u00f3\u017anych godzin popo\u0142udniowych, nie zawsze mog\u0119 odebra\u0107 telefon. Je\u015bli nie odbieram, prosz\u0119 spr\u00f3bowa\u0107 ponownie p\u00f3\u017aniej, najlepiej po godzinie 18. Mo\u017cna te\u017c wys\u0142a\u0107 sms z pro\u015bb\u0105 o kontakt (na &hellip; <a href=\"http:\/\/wymowka.pl\/?page_id=52\">Czytaj dalej <span class=\"meta-nav\">&rarr;<\/span><\/a><\/p>\n","protected":false},"author":1,"featured_media":0,"parent":0,"menu_order":0,"comment_status":"closed","ping_status":"closed","template":"","meta":{"ngg_post_thumbnail":0,"footnotes":""},"class_list":["post-52","page","type-page","status-publish","hentry"],"_links":{"self":[{"href":"http:\/\/wymowka.pl\/index.php?rest_route=\/wp\/v2\/pages\/52","targetHints":{"allow":["GET"]}}],"collection":[{"href":"http:\/\/wymowka.pl\/index.php?rest_route=\/wp\/v2\/pages"}],"about":[{"href":"http:\/\/wymowka.pl\/index.php?rest_route=\/wp\/v2\/types\/page"}],"author":[{"embeddable":true,"href":"http:\/\/wymowka.pl\/index.php?rest_route=\/wp\/v2\/users\/1"}],"replies":[{"embeddable":true,"href":"http:\/\/wymowka.pl\/index.php?rest_route=%2Fwp%2Fv2%2Fcomments&post=52"}],"version-history":[{"count":7,"href":"http:\/\/wymowka.pl\/index.php?rest_route=\/wp\/v2\/pages\/52\/revisions"}],"predecessor-version":[{"id":161,"href":"http:\/\/wymowka.pl\/index.php?rest_route=\/wp\/v2\/pages\/52\/revisions\/161"}],"wp:attachment":[{"href":"http:\/\/wymowka.pl\/index.php?rest_route=%2Fwp%2Fv2%2Fmedia&parent=52"}],"curies":[{"name":"wp","href":"https:\/\/api.w.org\/{rel}","templated":true}]}}