{"id":50,"date":"2021-08-01T11:34:45","date_gmt":"2021-08-01T09:34:45","guid":{"rendered":"http:\/\/wymowka.pl\/?page_id=50"},"modified":"2021-09-02T23:35:30","modified_gmt":"2021-09-02T21:35:30","slug":"lokalizacja","status":"publish","type":"page","link":"http:\/\/wymowka.pl\/?page_id=50","title":{"rendered":""},"content":{"rendered":"\n<p><\/p>\n\n\n\n<p class=\"has-huge-font-size\"><strong>Lokalizacja<\/strong><\/p>\n\n\n\n<p>Gabinet logopedyczno-terapeutyczny wyM\u00d3Wka<br>ul. Skrzyneckiego 17 m. 9 (II pi\u0119tro, w budynku jest winda)<br>30-363 Krak\u00f3w<\/p>\n\n\n\n<iframe src=\"https:\/\/www.google.com\/maps\/embed?pb=!1m18!1m12!1m3!1d2562.7913620416325!2d19.93289171559978!3d50.03400517942013!2m3!1f0!2f0!3f0!3m2!1i1024!2i768!4f13.1!3m3!1m2!1s0x47165ca017e00213%3A0xb33ad67ad32b66d2!2saleja%20Genera%C5%82a%20Jana%20Skrzyneckiego%2017%2C%2030-363%20Krak%C3%B3w!5e0!3m2!1spl!2spl!4v1628795995466!5m2!1spl!2spl\" width=\"800\" height=\"600\" style=\"border:0;\" allowfullscreen=\"\" loading=\"lazy\"><\/iframe>\n\n\n\n<p>Gabinet znajduje si\u0119 w strefie p\u0142atnego parkowania (podstrefa C).<\/p>\n","protected":false},"excerpt":{"rendered":"<p>Lokalizacja Gabinet logopedyczno-terapeutyczny wyM\u00d3Wkaul. Skrzyneckiego 17 m. 9 (II pi\u0119tro, w budynku jest winda)30-363 Krak\u00f3w Gabinet znajduje si\u0119 w strefie p\u0142atnego parkowania (podstrefa C).<\/p>\n","protected":false},"author":1,"featured_media":0,"parent":0,"menu_order":0,"comment_status":"closed","ping_status":"closed","template":"","meta":{"ngg_post_thumbnail":0,"footnotes":""},"class_list":["post-50","page","type-page","status-publish","hentry"],"_links":{"self":[{"href":"http:\/\/wymowka.pl\/index.php?rest_route=\/wp\/v2\/pages\/50","targetHints":{"allow":["GET"]}}],"collection":[{"href":"http:\/\/wymowka.pl\/index.php?rest_route=\/wp\/v2\/pages"}],"about":[{"href":"http:\/\/wymowka.pl\/index.php?rest_route=\/wp\/v2\/types\/page"}],"author":[{"embeddable":true,"href":"http:\/\/wymowka.pl\/index.php?rest_route=\/wp\/v2\/users\/1"}],"replies":[{"embeddable":true,"href":"http:\/\/wymowka.pl\/index.php?rest_route=%2Fwp%2Fv2%2Fcomments&post=50"}],"version-history":[{"count":6,"href":"http:\/\/wymowka.pl\/index.php?rest_route=\/wp\/v2\/pages\/50\/revisions"}],"predecessor-version":[{"id":121,"href":"http:\/\/wymowka.pl\/index.php?rest_route=\/wp\/v2\/pages\/50\/revisions\/121"}],"wp:attachment":[{"href":"http:\/\/wymowka.pl\/index.php?rest_route=%2Fwp%2Fv2%2Fmedia&parent=50"}],"curies":[{"name":"wp","href":"https:\/\/api.w.org\/{rel}","templated":true}]}}