{"id":48,"date":"2021-08-01T11:34:19","date_gmt":"2021-08-01T09:34:19","guid":{"rendered":"http:\/\/wymowka.pl\/?page_id=48"},"modified":"2025-06-27T10:57:52","modified_gmt":"2025-06-27T08:57:52","slug":"cennik","status":"publish","type":"page","link":"http:\/\/wymowka.pl\/?page_id=48","title":{"rendered":""},"content":{"rendered":"\n<p><\/p>\n\n\n\n<p class=\"has-huge-font-size\"><strong>Cennik<\/strong><\/p>\n\n\n\n<figure class=\"wp-block-table\"><table><tbody><tr><td>Terapia logopedyczna<\/td><td>140 z\u0142 \/ 60 min<\/td><\/tr><tr><td>Konsultacja\/pierwsze spotkanie<\/td><td>260 z\u0142 \/ 60 \u2013 90 min<\/td><\/tr><tr><td>Opinia logopedyczna na pi\u015bmie<\/td><td>100 z\u0142<\/td><\/tr><\/tbody><\/table><\/figure>\n\n\n\n<p>Czas trwania zaj\u0119\u0107 oraz ich cz\u0119stotliwo\u015b\u0107 jest ustalana indywidualnie dla ka\u017cdego ucznia.<\/p>\n","protected":false},"excerpt":{"rendered":"<p>Cennik Terapia logopedyczna 140 z\u0142 \/ 60 min Konsultacja\/pierwsze spotkanie 260 z\u0142 \/ 60 \u2013 90 min Opinia logopedyczna na pi\u015bmie 100 z\u0142 Czas trwania zaj\u0119\u0107 oraz ich cz\u0119stotliwo\u015b\u0107 jest ustalana indywidualnie dla ka\u017cdego ucznia.<\/p>\n","protected":false},"author":1,"featured_media":0,"parent":0,"menu_order":0,"comment_status":"closed","ping_status":"closed","template":"","meta":{"ngg_post_thumbnail":0,"footnotes":""},"class_list":["post-48","page","type-page","status-publish","hentry"],"_links":{"self":[{"href":"http:\/\/wymowka.pl\/index.php?rest_route=\/wp\/v2\/pages\/48","targetHints":{"allow":["GET"]}}],"collection":[{"href":"http:\/\/wymowka.pl\/index.php?rest_route=\/wp\/v2\/pages"}],"about":[{"href":"http:\/\/wymowka.pl\/index.php?rest_route=\/wp\/v2\/types\/page"}],"author":[{"embeddable":true,"href":"http:\/\/wymowka.pl\/index.php?rest_route=\/wp\/v2\/users\/1"}],"replies":[{"embeddable":true,"href":"http:\/\/wymowka.pl\/index.php?rest_route=%2Fwp%2Fv2%2Fcomments&post=48"}],"version-history":[{"count":11,"href":"http:\/\/wymowka.pl\/index.php?rest_route=\/wp\/v2\/pages\/48\/revisions"}],"predecessor-version":[{"id":212,"href":"http:\/\/wymowka.pl\/index.php?rest_route=\/wp\/v2\/pages\/48\/revisions\/212"}],"wp:attachment":[{"href":"http:\/\/wymowka.pl\/index.php?rest_route=%2Fwp%2Fv2%2Fmedia&parent=48"}],"curies":[{"name":"wp","href":"https:\/\/api.w.org\/{rel}","templated":true}]}}