{"id":197,"date":"2023-06-16T10:52:01","date_gmt":"2023-06-16T08:52:01","guid":{"rendered":"https:\/\/wymowka.pl\/?page_id=197"},"modified":"2025-06-27T11:00:51","modified_gmt":"2025-06-27T09:00:51","slug":"197-2","status":"publish","type":"page","link":"http:\/\/wymowka.pl\/","title":{"rendered":""},"content":{"rendered":"\n<figure class=\"wp-block-table\"><table><tbody><tr><td class=\"has-text-align-center\" data-align=\"center\"><a href=\"http:\/\/wymowka.pl\/?page_id=46#Kto\" data-type=\"URL\" data-id=\"http:\/\/wymowka.pl\/?page_id=46#Kto\"><img loading=\"lazy\" decoding=\"async\" width=\"150\" height=\"150\" class=\"wp-image-107\" style=\"width: 150px;\" src=\"http:\/\/wymowka.pl\/wp-content\/uploads\/2021\/09\/kasia_ikona.png\" alt=\"Kto?\" srcset=\"http:\/\/wymowka.pl\/wp-content\/uploads\/2021\/09\/kasia_ikona.png 1000w, http:\/\/wymowka.pl\/wp-content\/uploads\/2021\/09\/kasia_ikona-300x300.png 300w, http:\/\/wymowka.pl\/wp-content\/uploads\/2021\/09\/kasia_ikona-150x150.png 150w, http:\/\/wymowka.pl\/wp-content\/uploads\/2021\/09\/kasia_ikona-768x768.png 768w\" sizes=\"auto, (max-width: 150px) 100vw, 150px\" \/><\/a><a href=\"#Kto\"><br>KTO?<\/a><\/td><td class=\"has-text-align-center\" data-align=\"center\"><a href=\"http:\/\/wymowka.pl\/?page_id=46#CoRobi\"><img loading=\"lazy\" decoding=\"async\" width=\"150\" height=\"150\" class=\"wp-image-108\" style=\"width: 150px;\" src=\"http:\/\/wymowka.pl\/wp-content\/uploads\/2021\/09\/klocki_ikona.png\" alt=\"Co robi?\" srcset=\"http:\/\/wymowka.pl\/wp-content\/uploads\/2021\/09\/klocki_ikona.png 1000w, http:\/\/wymowka.pl\/wp-content\/uploads\/2021\/09\/klocki_ikona-300x300.png 300w, http:\/\/wymowka.pl\/wp-content\/uploads\/2021\/09\/klocki_ikona-150x150.png 150w, http:\/\/wymowka.pl\/wp-content\/uploads\/2021\/09\/klocki_ikona-768x768.png 768w\" sizes=\"auto, (max-width: 150px) 100vw, 150px\" \/><\/a><a href=\"#CoRobi\"><br>CO ROBI?<\/a><\/td><td class=\"has-text-align-center\" data-align=\"center\"><a href=\"http:\/\/wymowka.pl\/?page_id=46#DlaKogo\"><img loading=\"lazy\" decoding=\"async\" width=\"150\" height=\"150\" class=\"wp-image-106\" style=\"width: 150px;\" src=\"http:\/\/wymowka.pl\/wp-content\/uploads\/2021\/09\/dzieci_ikona.png\" alt=\"Dla kogo?\" srcset=\"http:\/\/wymowka.pl\/wp-content\/uploads\/2021\/09\/dzieci_ikona.png 1000w, http:\/\/wymowka.pl\/wp-content\/uploads\/2021\/09\/dzieci_ikona-300x300.png 300w, http:\/\/wymowka.pl\/wp-content\/uploads\/2021\/09\/dzieci_ikona-150x150.png 150w, http:\/\/wymowka.pl\/wp-content\/uploads\/2021\/09\/dzieci_ikona-768x768.png 768w\" sizes=\"auto, (max-width: 150px) 100vw, 150px\" \/><\/a><a href=\"#DlaKogo\"><br>DLA KOGO?<\/a><\/td><td class=\"has-text-align-center\" data-align=\"center\"><a href=\"http:\/\/wymowka.pl\/?page_id=50\" data-type=\"page\" data-id=\"50\"><img loading=\"lazy\" decoding=\"async\" width=\"150\" height=\"150\" class=\"wp-image-109\" style=\"width: 150px;\" src=\"http:\/\/wymowka.pl\/wp-content\/uploads\/2021\/09\/mapa_ikona.png\" alt=\"Gdzie?\" srcset=\"http:\/\/wymowka.pl\/wp-content\/uploads\/2021\/09\/mapa_ikona.png 1000w, http:\/\/wymowka.pl\/wp-content\/uploads\/2021\/09\/mapa_ikona-300x300.png 300w, http:\/\/wymowka.pl\/wp-content\/uploads\/2021\/09\/mapa_ikona-150x150.png 150w, http:\/\/wymowka.pl\/wp-content\/uploads\/2021\/09\/mapa_ikona-768x768.png 768w\" sizes=\"auto, (max-width: 150px) 100vw, 150px\" \/><br>GDZIE?<\/a><\/td><\/tr><\/tbody><\/table><\/figure>\n\n\n<div class=\"wp-block-image\">\n<figure class=\"aligncenter size-large\"><img loading=\"lazy\" decoding=\"async\" width=\"724\" height=\"1024\" src=\"http:\/\/wymowka.pl\/wp-content\/uploads\/2025\/06\/wakacyjne-zajecia-wielojezycznosc-724x1024.png\" alt=\"\" class=\"wp-image-213\" srcset=\"http:\/\/wymowka.pl\/wp-content\/uploads\/2025\/06\/wakacyjne-zajecia-wielojezycznosc-724x1024.png 724w, http:\/\/wymowka.pl\/wp-content\/uploads\/2025\/06\/wakacyjne-zajecia-wielojezycznosc-212x300.png 212w, http:\/\/wymowka.pl\/wp-content\/uploads\/2025\/06\/wakacyjne-zajecia-wielojezycznosc-768x1086.png 768w, http:\/\/wymowka.pl\/wp-content\/uploads\/2025\/06\/wakacyjne-zajecia-wielojezycznosc-1086x1536.png 1086w, http:\/\/wymowka.pl\/wp-content\/uploads\/2025\/06\/wakacyjne-zajecia-wielojezycznosc-1448x2048.png 1448w, http:\/\/wymowka.pl\/wp-content\/uploads\/2025\/06\/wakacyjne-zajecia-wielojezycznosc.png 1587w\" sizes=\"auto, (max-width: 724px) 100vw, 724px\" \/><\/figure>\n<\/div>\n\n\n<p>Zaj\u0119cia przeznaczone s\u0105 przede wszystkim dla dzieci dwu- i wieloj\u0119zycznych mieszkaj\u0105cych na co dzie\u0144 za granic\u0105, w ka\u017cdym wieku i na ka\u017cdym poziomie znajomo\u015bci j\u0119zyka polskiego. <\/p>\n\n\n\n<p>Czas i liczba zaj\u0119\u0107 dostosowywana jest do ka\u017cdego dziecka. Zakres materia\u0142u r\u00f3wnie\u017c jest dostosowywany do wieku, potrzeb, mo\u017cliwo\u015bci i umiej\u0119tno\u015bci dziecka. S\u0105 to zaj\u0119cia indywidualne, prowadzone w j\u0119zyku polskim.<\/p>\n\n\n\n<p>Po wi\u0119cej szczeg\u00f3\u0142\u00f3w zapraszam do kontaktu telefonicznego lub mailowego.<\/p>\n\n\n\n<p><a href=\"tel:500866065\" data-type=\"tel\" data-id=\"tel:500866065\">500 866 065<\/a><\/p>\n\n\n\n<p><a href=\"mailto:logopeda@wymowka.pl\">logopeda@wymowka.pl<\/a><\/p>\n\n\n\n<p><\/p>\n","protected":false},"excerpt":{"rendered":"<p>KTO? CO ROBI? DLA KOGO? GDZIE? Zaj\u0119cia przeznaczone s\u0105 przede wszystkim dla dzieci dwu- i wieloj\u0119zycznych mieszkaj\u0105cych na co dzie\u0144 za granic\u0105, w ka\u017cdym wieku i na ka\u017cdym poziomie znajomo\u015bci j\u0119zyka polskiego. Czas i liczba zaj\u0119\u0107 dostosowywana jest do ka\u017cdego &hellip; <a href=\"http:\/\/wymowka.pl\/\">Czytaj dalej <span class=\"meta-nav\">&rarr;<\/span><\/a><\/p>\n","protected":false},"author":1,"featured_media":0,"parent":0,"menu_order":0,"comment_status":"closed","ping_status":"closed","template":"","meta":{"ngg_post_thumbnail":0,"footnotes":""},"class_list":["post-197","page","type-page","status-publish","hentry"],"_links":{"self":[{"href":"http:\/\/wymowka.pl\/index.php?rest_route=\/wp\/v2\/pages\/197","targetHints":{"allow":["GET"]}}],"collection":[{"href":"http:\/\/wymowka.pl\/index.php?rest_route=\/wp\/v2\/pages"}],"about":[{"href":"http:\/\/wymowka.pl\/index.php?rest_route=\/wp\/v2\/types\/page"}],"author":[{"embeddable":true,"href":"http:\/\/wymowka.pl\/index.php?rest_route=\/wp\/v2\/users\/1"}],"replies":[{"embeddable":true,"href":"http:\/\/wymowka.pl\/index.php?rest_route=%2Fwp%2Fv2%2Fcomments&post=197"}],"version-history":[{"count":5,"href":"http:\/\/wymowka.pl\/index.php?rest_route=\/wp\/v2\/pages\/197\/revisions"}],"predecessor-version":[{"id":214,"href":"http:\/\/wymowka.pl\/index.php?rest_route=\/wp\/v2\/pages\/197\/revisions\/214"}],"wp:attachment":[{"href":"http:\/\/wymowka.pl\/index.php?rest_route=%2Fwp%2Fv2%2Fmedia&parent=197"}],"curies":[{"name":"wp","href":"https:\/\/api.w.org\/{rel}","templated":true}]}}